{"id":1714,"date":"2020-04-09T15:49:20","date_gmt":"2020-04-09T15:49:20","guid":{"rendered":"https:\/\/www.2xprotect.com\/?page_id=1714"},"modified":"2021-07-09T13:06:32","modified_gmt":"2021-07-09T13:06:32","slug":"object","status":"publish","type":"page","link":"https:\/\/www.2xprotect.com\/old\/object\/","title":{"rendered":"S3 Nesne Depolama"},"content":{"rendered":"<p>[vc_row css_animation=&#8221;&#8221; row_type=&#8221;row&#8221; use_row_as_full_screen_section=&#8221;no&#8221; type=&#8221;grid&#8221; angled_section=&#8221;no&#8221; text_align=&#8221;left&#8221; background_image_as_pattern=&#8221;without_pattern&#8221; z_index=&#8221;&#8221;][vc_column][vc_empty_space height=&#8221;50px&#8221;][vc_empty_space height=&#8221;50px&#8221;][vc_column_text]<\/p>\n<h4 style=\"text-align: center;\"><span style=\"color: #333333;\"><strong>2xProtect, Object+ hizmeti ile i\u015fletmelere 4 ayr\u0131 depolama se\u00e7ene\u011fi sunmaktad\u0131r. <\/strong><\/span><\/h4>\n<h4 style=\"text-align: center;\"><span style=\"color: #333333;\"><strong>Bunlar \u00f6zelliklerine g\u00f6re; S3 Standart, S3 Seyrek, S3 Ar\u015fiv ve S3 Derin Ar\u015fiv olarak s\u0131n\u0131fland\u0131r\u0131lmaktad\u0131r.<\/strong><\/span><\/h4>\n<p>[\/vc_column_text][vc_empty_space height=&#8221;50px&#8221;][vc_empty_space height=&#8221;50px&#8221;][\/vc_column][\/vc_row][vc_row css_animation=&#8221;&#8221; row_type=&#8221;row&#8221; use_row_as_full_screen_section=&#8221;no&#8221; type=&#8221;grid&#8221; angled_section=&#8221;no&#8221; text_align=&#8221;left&#8221; background_image_as_pattern=&#8221;without_pattern&#8221; z_index=&#8221;&#8221;][vc_column width=&#8221;1\/6&#8243;][\/vc_column][vc_column width=&#8221;1\/3&#8243;][vc_row_inner row_type=&#8221;row&#8221; type=&#8221;full_width&#8221; text_align=&#8221;left&#8221; css_animation=&#8221;&#8221;][vc_column_inner width=&#8221;1\/2&#8243;][vc_column_text]<\/p>\n<h4>S3 Standart<\/h4>\n<p>[\/vc_column_text][\/vc_column_inner][vc_column_inner width=&#8221;1\/2&#8243;]<a  itemprop=\"url\" href=\"https:\/\/www.2xprotect.com\/old\/object-plus\/\" target=\"_blank\" data-hover-background-color=#49b19c data-hover-border-color=#ffffff data-hover-color=#ffffff class=\"qbutton  small default  qode-button-shadow\" style=\"color: #ffffff; border-color: #ffffff; font-size: 15px; background-color: #074c98;\">Detayl\u0131 Bilgi<\/a>[\/vc_column_inner][\/vc_row_inner][vc_empty_space height=&#8221;21px&#8221;][vc_column_text]D\u00fc\u015f\u00fck gecikme ve y\u00fcksek h\u0131z\u0131 sayesinde bulut uygulamalar\u0131, dinamik web siteleri, i\u00e7erik da\u011f\u0131t\u0131m\u0131, mobil ve oyun uygulamalar\u0131 ve b\u00fcy\u00fck veri analiti\u011fi dahil olmak \u00fczere \u00e7ok \u00e7e\u015fitli kullan\u0131m durumlar\u0131 i\u00e7in uygundur. <b>S\u0131n\u0131rs\u0131z veri y\u00fckleme ve alma fiyata dahildir.<\/b>[\/vc_column_text][\/vc_column][vc_column width=&#8221;1\/3&#8243;][vc_row_inner row_type=&#8221;row&#8221; type=&#8221;full_width&#8221; text_align=&#8221;left&#8221; css_animation=&#8221;&#8221;][vc_column_inner width=&#8221;1\/2&#8243;][vc_column_text]<\/p>\n<h4>S3 Seyrek<\/h4>\n<p>[\/vc_column_text][\/vc_column_inner][vc_column_inner width=&#8221;1\/2&#8243;]<a  itemprop=\"url\" href=\"https:\/\/www.2xprotect.com\/old\/object-plus\/\" target=\"_blank\" data-hover-background-color=#49b19c data-hover-border-color=#ffffff data-hover-color=#ffffff class=\"qbutton  small default  qode-button-shadow\" style=\"color: #ffffff; border-color: #ffffff; font-size: 15px; background-color: #074c98;\">Detayl\u0131 Bilgi<\/a>[\/vc_column_inner][\/vc_row_inner][vc_empty_space height=&#8221;21px&#8221;][vc_column_text]D\u00fc\u015f\u00fck gecikme ve y\u00fcksek h\u0131z\u0131 sayesinde bulut uygulamalar\u0131, dinamik web siteleri, i\u00e7erik da\u011f\u0131t\u0131m\u0131, mobil ve oyun uygulamalar\u0131 ve b\u00fcy\u00fck veri analiti\u011fi dahil olmak \u00fczere \u00e7ok \u00e7e\u015fitli kullan\u0131m durumlar\u0131 i\u00e7in uygundur. <b>S\u0131n\u0131rs\u0131z veri y\u00fckleme ve alma fiyata dahildir.<\/b>[\/vc_column_text][\/vc_column][vc_column width=&#8221;1\/6&#8243;][\/vc_column][\/vc_row][vc_row css_animation=&#8221;&#8221; row_type=&#8221;row&#8221; use_row_as_full_screen_section=&#8221;no&#8221; type=&#8221;grid&#8221; angled_section=&#8221;no&#8221; text_align=&#8221;left&#8221; background_image_as_pattern=&#8221;without_pattern&#8221; z_index=&#8221;&#8221; css=&#8221;.vc_custom_1602601353310{padding-top: 75px !important;}&#8221;][vc_column width=&#8221;1\/6&#8243;][\/vc_column][vc_column width=&#8221;1\/3&#8243;][vc_row_inner row_type=&#8221;row&#8221; type=&#8221;full_width&#8221; text_align=&#8221;left&#8221; css_animation=&#8221;&#8221;][vc_column_inner width=&#8221;1\/2&#8243;][vc_column_text]<\/p>\n<h4>S3 Ar\u015fiv<\/h4>\n<p>[\/vc_column_text][\/vc_column_inner][vc_column_inner width=&#8221;1\/2&#8243;]<a  itemprop=\"url\" href=\"https:\/\/www.2xprotect.com\/old\/s3-arsiv\/\" target=\"_blank\" data-hover-background-color=#49b19c data-hover-border-color=#ffffff data-hover-color=#ffffff class=\"qbutton  small default  qode-button-shadow\" style=\"color: #ffffff; border-color: #ffffff; font-size: 15px; background-color: #074c98;\">Detayl\u0131 Bilgi<\/a>[\/vc_column_inner][\/vc_row_inner][vc_empty_space height=&#8221;21px&#8221;][vc_column_text]S3 Ar\u015fivleme, g\u00fcvenli, dayan\u0131kl\u0131 ve d\u00fc\u015f\u00fck maliyetli bir depolama s\u0131n\u0131f\u0131d\u0131r. Daha ucuza her miktarda veriyi g\u00fcvenilir bir \u015fekilde depolayabilirsiniz. Depolanan verilerin geri al\u0131nma s\u00fcresi ~1 dakika ile 4 saat aras\u0131 de\u011fi\u015fir.[\/vc_column_text][\/vc_column][vc_column width=&#8221;1\/3&#8243;][vc_row_inner row_type=&#8221;row&#8221; type=&#8221;full_width&#8221; text_align=&#8221;left&#8221; css_animation=&#8221;&#8221;][vc_column_inner width=&#8221;1\/2&#8243;][vc_column_text]<\/p>\n<h4>S3 Derin Ar\u015fiv<\/h4>\n<p>[\/vc_column_text][\/vc_column_inner][vc_column_inner width=&#8221;1\/2&#8243;]<a  itemprop=\"url\" href=\"https:\/\/www.2xprotect.com\/old\/s3-arsiv\/\" target=\"_blank\" data-hover-background-color=#49b19c data-hover-border-color=#ffffff data-hover-color=#ffffff class=\"qbutton  small default  qode-button-shadow\" style=\"color: #ffffff; border-color: #ffffff; font-size: 15px; background-color: #074c98;\">Detayl\u0131 Bilgi<\/a>[\/vc_column_inner][\/vc_row_inner][vc_empty_space height=&#8221;21px&#8221;][vc_column_text]S3 Derin Ar\u015fivleme, en uygun maliyetli, g\u00fcvenli, dayan\u0131kl\u0131 bir depolama s\u0131n\u0131f\u0131d\u0131r. \u00c7ok daha uygun fiyata her miktarda veriyi g\u00fcvenilir bir \u015fekilde depolayabilirsiniz. Depolanan verilerin geri al\u0131nma s\u00fcresi 1 saat ile 24 saat aras\u0131 de\u011fi\u015fiklik g\u00f6sterir.[\/vc_column_text][\/vc_column][vc_column width=&#8221;1\/6&#8243;][\/vc_column][\/vc_row][vc_row css_animation=&#8221;&#8221; row_type=&#8221;row&#8221; use_row_as_full_screen_section=&#8221;no&#8221; type=&#8221;full_width&#8221; angled_section=&#8221;no&#8221; text_align=&#8221;left&#8221; background_image_as_pattern=&#8221;without_pattern&#8221;][vc_column][vc_empty_space height=&#8221;50px&#8221;][vc_empty_space height=&#8221;50px&#8221;][\/vc_column][\/vc_row]<\/p>\n","protected":false},"excerpt":{"rendered":"<p>[vc_row css_animation=&#8221;&#8221; row_type=&#8221;row&#8221; use_row_as_full_screen_section=&#8221;no&#8221; type=&#8221;grid&#8221; angled_section=&#8221;no&#8221; text_align=&#8221;left&#8221; background_image_as_pattern=&#8221;without_pattern&#8221; z_index=&#8221;&#8221;][vc_column][vc_empty_space height=&#8221;50px&#8221;][vc_empty_space height=&#8221;50px&#8221;][vc_column_text] 2xProtect, Object+ hizmeti ile i\u015fletmelere 4 ayr\u0131 depolama se\u00e7ene\u011fi sunmaktad\u0131r. Bunlar \u00f6zelliklerine g\u00f6re; S3 Standart, S3 Seyrek, S3 Ar\u015fiv ve S3 Derin Ar\u015fiv olarak s\u0131n\u0131fland\u0131r\u0131lmaktad\u0131r. [\/vc_column_text][vc_empty_space height=&#8221;50px&#8221;][vc_empty_space height=&#8221;50px&#8221;][\/vc_column][\/vc_row][vc_row css_animation=&#8221;&#8221; row_type=&#8221;row&#8221; use_row_as_full_screen_section=&#8221;no&#8221; type=&#8221;grid&#8221; angled_section=&#8221;no&#8221; text_align=&#8221;left&#8221;<\/p>\n","protected":false},"author":4,"featured_media":0,"parent":0,"menu_order":0,"comment_status":"closed","ping_status":"closed","template":"full_width.php","meta":[],"yoast_head":"<!-- This site is optimized with the Yoast SEO plugin v15.1.1 - https:\/\/yoast.com\/wordpress\/plugins\/seo\/ -->\n<meta name=\"robots\" content=\"index, follow, max-snippet:-1, max-image-preview:large, max-video-preview:-1\" \/>\n<link rel=\"canonical\" href=\"https:\/\/www.2xprotect.com\/old\/object\/\" \/>\n<meta property=\"og:locale\" content=\"tr_TR\" \/>\n<meta property=\"og:type\" content=\"article\" \/>\n<meta property=\"og:title\" content=\"S3 Nesne Depolama - 2xProtect\" \/>\n<meta property=\"og:description\" content=\"[vc_row css_animation=&#8221;&#8221; row_type=&#8221;row&#8221; use_row_as_full_screen_section=&#8221;no&#8221; type=&#8221;grid&#8221; angled_section=&#8221;no&#8221; text_align=&#8221;left&#8221; background_image_as_pattern=&#8221;without_pattern&#8221; z_index=&#8221;&#8221;][vc_column][vc_empty_space height=&#8221;50px&#8221;][vc_empty_space height=&#8221;50px&#8221;][vc_column_text] 2xProtect, Object+ hizmeti ile i\u015fletmelere 4 ayr\u0131 depolama se\u00e7ene\u011fi sunmaktad\u0131r. Bunlar \u00f6zelliklerine g\u00f6re; S3 Standart, S3 Seyrek, S3 Ar\u015fiv ve S3 Derin Ar\u015fiv olarak s\u0131n\u0131fland\u0131r\u0131lmaktad\u0131r. [\/vc_column_text][vc_empty_space height=&#8221;50px&#8221;][vc_empty_space height=&#8221;50px&#8221;][\/vc_column][\/vc_row][vc_row css_animation=&#8221;&#8221; row_type=&#8221;row&#8221; use_row_as_full_screen_section=&#8221;no&#8221; type=&#8221;grid&#8221; angled_section=&#8221;no&#8221; text_align=&#8221;left&#8221;\" \/>\n<meta property=\"og:url\" content=\"https:\/\/www.2xprotect.com\/old\/object\/\" \/>\n<meta property=\"og:site_name\" content=\"2xProtect\" \/>\n<meta property=\"article:modified_time\" content=\"2021-07-09T13:06:32+00:00\" \/>\n<meta name=\"twitter:card\" content=\"summary_large_image\" \/>\n<script type=\"application\/ld+json\" class=\"yoast-schema-graph\">{\"@context\":\"https:\/\/schema.org\",\"@graph\":[{\"@type\":\"WebSite\",\"@id\":\"https:\/\/www.2xprotect.com\/old\/#website\",\"url\":\"https:\/\/www.2xprotect.com\/old\/\",\"name\":\"2xProtect\",\"description\":\"Cloud \\u00c7\\u00f6z\\u00fcmleri\",\"potentialAction\":[{\"@type\":\"SearchAction\",\"target\":\"https:\/\/www.2xprotect.com\/old\/?s={search_term_string}\",\"query-input\":\"required name=search_term_string\"}],\"inLanguage\":\"tr\"},{\"@type\":\"WebPage\",\"@id\":\"https:\/\/www.2xprotect.com\/old\/object\/#webpage\",\"url\":\"https:\/\/www.2xprotect.com\/old\/object\/\",\"name\":\"S3 Nesne Depolama - 2xProtect\",\"isPartOf\":{\"@id\":\"https:\/\/www.2xprotect.com\/old\/#website\"},\"datePublished\":\"2020-04-09T15:49:20+00:00\",\"dateModified\":\"2021-07-09T13:06:32+00:00\",\"inLanguage\":\"tr\",\"potentialAction\":[{\"@type\":\"ReadAction\",\"target\":[\"https:\/\/www.2xprotect.com\/old\/object\/\"]}]}]}<\/script>\n<!-- \/ Yoast SEO plugin. -->","_links":{"self":[{"href":"https:\/\/www.2xprotect.com\/old\/wp-json\/wp\/v2\/pages\/1714"}],"collection":[{"href":"https:\/\/www.2xprotect.com\/old\/wp-json\/wp\/v2\/pages"}],"about":[{"href":"https:\/\/www.2xprotect.com\/old\/wp-json\/wp\/v2\/types\/page"}],"author":[{"embeddable":true,"href":"https:\/\/www.2xprotect.com\/old\/wp-json\/wp\/v2\/users\/4"}],"replies":[{"embeddable":true,"href":"https:\/\/www.2xprotect.com\/old\/wp-json\/wp\/v2\/comments?post=1714"}],"version-history":[{"count":16,"href":"https:\/\/www.2xprotect.com\/old\/wp-json\/wp\/v2\/pages\/1714\/revisions"}],"predecessor-version":[{"id":3651,"href":"https:\/\/www.2xprotect.com\/old\/wp-json\/wp\/v2\/pages\/1714\/revisions\/3651"}],"wp:attachment":[{"href":"https:\/\/www.2xprotect.com\/old\/wp-json\/wp\/v2\/media?parent=1714"}],"curies":[{"name":"wp","href":"https:\/\/api.w.org\/{rel}","templated":true}]}}