{"id":183,"date":"2018-03-07T10:34:09","date_gmt":"2018-03-07T10:34:09","guid":{"rendered":"http:\/\/bridge176.qodeinteractive.com\/?page_id=183"},"modified":"2020-10-29T10:34:56","modified_gmt":"2020-10-29T10:34:56","slug":"hakkimizda","status":"publish","type":"page","link":"https:\/\/www.2xprotect.com\/old\/hakkimizda\/","title":{"rendered":"Hakk\u0131m\u0131zda"},"content":{"rendered":"<p>[vc_row css_animation=&#8221;&#8221; row_type=&#8221;row&#8221; use_row_as_full_screen_section=&#8221;no&#8221; type=&#8221;grid&#8221; angled_section=&#8221;no&#8221; text_align=&#8221;left&#8221; background_image_as_pattern=&#8221;without_pattern&#8221; z_index=&#8221;&#8221;][vc_column][vc_empty_space height=&#8221;45px&#8221;][vc_empty_space height=&#8221;45px&#8221;][vc_row_inner row_type=&#8221;row&#8221; type=&#8221;full_width&#8221; text_align=&#8221;left&#8221; css_animation=&#8221;&#8221;][vc_column_inner width=&#8221;1\/6&#8243;][\/vc_column_inner][vc_column_inner width=&#8221;2\/3&#8243;][vc_column_text]<\/p>\n<h2 style=\"text-align: center;\">Biz Kimiz?<\/h2>\n<p>[\/vc_column_text][vc_empty_space height=&#8221;40px&#8221;][vc_column_text]<\/p>\n<h4><strong>2xProtect platformu, konusunda deneyimli m\u00fchendisler taraf\u0131ndan kurulmu\u015ftur. 2xProtect, i\u015fletmelerin kurumsal d\u00fczeyde ve g\u00fcvenilir bulut altyap\u0131lar\u0131, veri koruma ve i\u015f s\u00fcreklili\u011fi ihtiya\u00e7lar\u0131n\u0131 sa\u011flayan bir teknoloji \u015firketidir.<\/strong><\/h4>\n<p>[\/vc_column_text][vc_empty_space height=&#8221;71px&#8221;][vc_column_text]<\/p>\n<h4><strong><span style=\"color: #0a4d99;\">D\u00fcr\u00fcst, etik ve \u015feffaf<\/span><\/strong><\/h4>\n<p>[\/vc_column_text][vc_empty_space height=&#8221;21px&#8221;][vc_column_text]<strong>Teknoloji ve \u00e7\u00f6z\u00fcmden \u00f6te vazge\u00e7ilmez 3 kural\u0131m\u0131z (d\u00fcr\u00fcst, etik ve \u015feffafl\u0131k) \u015firketimizin temel ilkelerini olu\u015fturur.<\/strong>[\/vc_column_text][vc_separator type=&#8221;normal&#8221; up=&#8221;30&#8243; down=&#8221;30&#8243;][vc_column_text]<\/p>\n<h4><strong><span style=\"color: #0a4d99;\">Odakl\u0131<\/span><\/strong><\/h4>\n<p>[\/vc_column_text][vc_empty_space height=&#8221;21px&#8221;][vc_column_text]<strong>2xProtect, belirledi\u011fi alanlarda odakl\u0131 \u015fekilde \u00e7al\u0131\u015f\u0131r, bunun sonucu ise alan\u0131nda daha fazla yenilik ve g\u00fcvenirlik ile farkl\u0131la\u015fmak.<\/strong>[\/vc_column_text][vc_separator type=&#8221;normal&#8221; up=&#8221;30&#8243; down=&#8221;30&#8243;][vc_column_text]<\/p>\n<h4><strong><span style=\"color: #0a4d99;\">Detaylar\u0131n \u00f6nemi<\/span><\/strong><\/h4>\n<p>[\/vc_column_text][vc_empty_space height=&#8221;21px&#8221;][vc_column_text]<strong>Ba\u015far\u0131n\u0131n s\u0131rr\u0131n\u0131 detaylarda sakl\u0131 oldu\u011funa inanan bir \u015firketiz. Ezberle de\u011fil matematikle i\u015fletmenin ihtiyac\u0131n\u0131 belirler ve nokta at\u0131\u015f \u00e7\u00f6z\u00fcm sa\u011flar\u0131z.<\/strong>[\/vc_column_text][vc_separator type=&#8221;normal&#8221; up=&#8221;30&#8243; down=&#8221;30&#8243;][vc_column_text]<\/p>\n<h4><strong><span style=\"color: #0a4d99;\">\u00c7oklu perspektif i\u015f modeli<\/span><\/strong><\/h4>\n<p>[\/vc_column_text][vc_empty_space height=&#8221;21px&#8221;][vc_column_text]<strong>Amac\u0131m\u0131z \u00fcr\u00fcn veya \u00e7\u00f6z\u00fcm satmaktan \u00f6te i\u015fletmenin ihtiyac\u0131n\u0131 kar\u015f\u0131lamak, bu y\u00fczden projelerimizde birden \u00e7ok perspektif i\u015f modelini uyguluyoruz.<\/strong>[\/vc_column_text][vc_empty_space height=&#8221;71px&#8221;][\/vc_column_inner][vc_column_inner width=&#8221;1\/6&#8243;][\/vc_column_inner][\/vc_row_inner][\/vc_column][\/vc_row][vc_row css_animation=&#8221;&#8221; row_type=&#8221;row&#8221; use_row_as_full_screen_section=&#8221;no&#8221; type=&#8221;grid&#8221; angled_section=&#8221;no&#8221; text_align=&#8221;left&#8221; background_image_as_pattern=&#8221;without_pattern&#8221; z_index=&#8221;&#8221;][vc_column width=&#8221;1\/2&#8243;][vc_empty_space height=&#8221;71px&#8221;][\/vc_column][vc_column width=&#8221;1\/2&#8243;][vc_empty_space height=&#8221;21px&#8221;][\/vc_column][\/vc_row]<\/p>\n","protected":false},"excerpt":{"rendered":"<p>[vc_row css_animation=&#8221;&#8221; row_type=&#8221;row&#8221; use_row_as_full_screen_section=&#8221;no&#8221; type=&#8221;grid&#8221; angled_section=&#8221;no&#8221; text_align=&#8221;left&#8221; background_image_as_pattern=&#8221;without_pattern&#8221; z_index=&#8221;&#8221;][vc_column][vc_empty_space height=&#8221;45px&#8221;][vc_empty_space height=&#8221;45px&#8221;][vc_row_inner row_type=&#8221;row&#8221; type=&#8221;full_width&#8221; text_align=&#8221;left&#8221; css_animation=&#8221;&#8221;][vc_column_inner width=&#8221;1\/6&#8243;][\/vc_column_inner][vc_column_inner width=&#8221;2\/3&#8243;][vc_column_text] Biz Kimiz? [\/vc_column_text][vc_empty_space height=&#8221;40px&#8221;][vc_column_text] 2xProtect platformu, konusunda deneyimli m\u00fchendisler taraf\u0131ndan kurulmu\u015ftur. 2xProtect, i\u015fletmelerin kurumsal d\u00fczeyde ve g\u00fcvenilir bulut altyap\u0131lar\u0131, veri koruma ve i\u015f s\u00fcreklili\u011fi ihtiya\u00e7lar\u0131n\u0131 sa\u011flayan bir teknoloji<\/p>\n","protected":false},"author":1,"featured_media":0,"parent":0,"menu_order":0,"comment_status":"closed","ping_status":"closed","template":"full_width.php","meta":[],"yoast_head":"<!-- This site is optimized with the Yoast SEO plugin v15.1.1 - https:\/\/yoast.com\/wordpress\/plugins\/seo\/ -->\n<meta name=\"robots\" content=\"index, follow, max-snippet:-1, max-image-preview:large, max-video-preview:-1\" \/>\n<link rel=\"canonical\" href=\"https:\/\/www.2xprotect.com\/old\/hakkimizda\/\" \/>\n<meta property=\"og:locale\" content=\"tr_TR\" \/>\n<meta property=\"og:type\" content=\"article\" \/>\n<meta property=\"og:title\" content=\"Hakk\u0131m\u0131zda - 2xProtect\" \/>\n<meta property=\"og:description\" content=\"[vc_row css_animation=&#8221;&#8221; row_type=&#8221;row&#8221; use_row_as_full_screen_section=&#8221;no&#8221; type=&#8221;grid&#8221; angled_section=&#8221;no&#8221; text_align=&#8221;left&#8221; background_image_as_pattern=&#8221;without_pattern&#8221; z_index=&#8221;&#8221;][vc_column][vc_empty_space height=&#8221;45px&#8221;][vc_empty_space height=&#8221;45px&#8221;][vc_row_inner row_type=&#8221;row&#8221; type=&#8221;full_width&#8221; text_align=&#8221;left&#8221; css_animation=&#8221;&#8221;][vc_column_inner width=&#8221;1\/6&#8243;][\/vc_column_inner][vc_column_inner width=&#8221;2\/3&#8243;][vc_column_text] Biz Kimiz? [\/vc_column_text][vc_empty_space height=&#8221;40px&#8221;][vc_column_text] 2xProtect platformu, konusunda deneyimli m\u00fchendisler taraf\u0131ndan kurulmu\u015ftur. 2xProtect, i\u015fletmelerin kurumsal d\u00fczeyde ve g\u00fcvenilir bulut altyap\u0131lar\u0131, veri koruma ve i\u015f s\u00fcreklili\u011fi ihtiya\u00e7lar\u0131n\u0131 sa\u011flayan bir teknoloji\" \/>\n<meta property=\"og:url\" content=\"https:\/\/www.2xprotect.com\/old\/hakkimizda\/\" \/>\n<meta property=\"og:site_name\" content=\"2xProtect\" \/>\n<meta property=\"article:modified_time\" content=\"2020-10-29T10:34:56+00:00\" \/>\n<meta name=\"twitter:card\" content=\"summary_large_image\" \/>\n<script type=\"application\/ld+json\" class=\"yoast-schema-graph\">{\"@context\":\"https:\/\/schema.org\",\"@graph\":[{\"@type\":\"WebSite\",\"@id\":\"https:\/\/www.2xprotect.com\/old\/#website\",\"url\":\"https:\/\/www.2xprotect.com\/old\/\",\"name\":\"2xProtect\",\"description\":\"Cloud \\u00c7\\u00f6z\\u00fcmleri\",\"potentialAction\":[{\"@type\":\"SearchAction\",\"target\":\"https:\/\/www.2xprotect.com\/old\/?s={search_term_string}\",\"query-input\":\"required name=search_term_string\"}],\"inLanguage\":\"tr\"},{\"@type\":\"WebPage\",\"@id\":\"https:\/\/www.2xprotect.com\/old\/hakkimizda\/#webpage\",\"url\":\"https:\/\/www.2xprotect.com\/old\/hakkimizda\/\",\"name\":\"Hakk\\u0131m\\u0131zda - 2xProtect\",\"isPartOf\":{\"@id\":\"https:\/\/www.2xprotect.com\/old\/#website\"},\"datePublished\":\"2018-03-07T10:34:09+00:00\",\"dateModified\":\"2020-10-29T10:34:56+00:00\",\"inLanguage\":\"tr\",\"potentialAction\":[{\"@type\":\"ReadAction\",\"target\":[\"https:\/\/www.2xprotect.com\/old\/hakkimizda\/\"]}]}]}<\/script>\n<!-- \/ Yoast SEO plugin. -->","_links":{"self":[{"href":"https:\/\/www.2xprotect.com\/old\/wp-json\/wp\/v2\/pages\/183"}],"collection":[{"href":"https:\/\/www.2xprotect.com\/old\/wp-json\/wp\/v2\/pages"}],"about":[{"href":"https:\/\/www.2xprotect.com\/old\/wp-json\/wp\/v2\/types\/page"}],"author":[{"embeddable":true,"href":"https:\/\/www.2xprotect.com\/old\/wp-json\/wp\/v2\/users\/1"}],"replies":[{"embeddable":true,"href":"https:\/\/www.2xprotect.com\/old\/wp-json\/wp\/v2\/comments?post=183"}],"version-history":[{"count":32,"href":"https:\/\/www.2xprotect.com\/old\/wp-json\/wp\/v2\/pages\/183\/revisions"}],"predecessor-version":[{"id":3605,"href":"https:\/\/www.2xprotect.com\/old\/wp-json\/wp\/v2\/pages\/183\/revisions\/3605"}],"wp:attachment":[{"href":"https:\/\/www.2xprotect.com\/old\/wp-json\/wp\/v2\/media?parent=183"}],"curies":[{"name":"wp","href":"https:\/\/api.w.org\/{rel}","templated":true}]}}