{"id":237,"date":"2018-03-07T13:04:16","date_gmt":"2018-03-07T13:04:16","guid":{"rendered":"http:\/\/bridge176.qodeinteractive.com\/?page_id=237"},"modified":"2020-10-10T12:52:55","modified_gmt":"2020-10-10T12:52:55","slug":"iletisim","status":"publish","type":"page","link":"https:\/\/www.2xprotect.com\/old\/iletisim\/","title":{"rendered":"\u0130leti\u015fim"},"content":{"rendered":"<p>[vc_row css_animation=&#8221;&#8221; row_type=&#8221;row&#8221; use_row_as_full_screen_section=&#8221;no&#8221; type=&#8221;grid&#8221; angled_section=&#8221;no&#8221; text_align=&#8221;left&#8221; background_image_as_pattern=&#8221;without_pattern&#8221; z_index=&#8221;&#8221; css=&#8221;.vc_custom_1586348633899{padding-top: 35px !important;}&#8221;][vc_column width=&#8221;2\/3&#8243;][vc_row_inner row_type=&#8221;row&#8221; type=&#8221;full_width&#8221; text_align=&#8221;left&#8221; css_animation=&#8221;&#8221;][vc_column_inner width=&#8221;1\/2&#8243;][vc_empty_space height=&#8221;15px&#8221;][vc_single_image image=&#8221;1598&#8243; img_size=&#8221;large&#8221; alignment=&#8221;center&#8221; style=&#8221;vc_box_rounded&#8221; qode_css_animation=&#8221;&#8221;][\/vc_column_inner][vc_column_inner width=&#8221;1\/2&#8243;][vc_empty_space height=&#8221;18px&#8221;][vc_column_text]<\/p>\n<h3>Nas\u0131l Yard\u0131mc\u0131 Olabiliriz?<\/h3>\n<p>[\/vc_column_text][vc_empty_space height=&#8221;30px&#8221;][vc_column_text]Sunmu\u015f oldu\u011fumuz hizmetlerle ilgili daha detayl\u0131 bilgi talep etmeniz durumunda, alan\u0131nda uzman m\u00fchendislerden olu\u015fan ekibimiz sizlere Zoom \u00fczerinden tan\u0131t\u0131m ve demo uygulamas\u0131 yapabilirler. Her t\u00fcrl\u00fc soru ve destek i\u00e7in bizimle do\u011frudan temasa ge\u00e7ebilirsiniz.[\/vc_column_text][vc_empty_space height=&#8221;18px&#8221;][vc_column_text]<\/p>\n<h5>\u0130stanbul Ofis<\/h5>\n<p>[\/vc_column_text][vc_empty_space height=&#8221;12px&#8221;][vc_column_text]Kozyata\u011f\u0131 Nidakule, De\u011firmen Sk. No:18\/19B Kat:10, 34742<\/p>\n<p>Kozyata\u011f\u0131 &#8211; Kad\u0131k\u00f6y \/ \u0130STANBUL<\/p>\n<p><strong>Tel:<\/strong> +90 850 305 29 00<\/p>\n<p><strong>Email:<\/strong> <a href=\"mailto:info@2xprotect.com\">info@2xprotect.com<\/a>[\/vc_column_text][\/vc_column_inner][\/vc_row_inner][vc_row_inner row_type=&#8221;row&#8221; type=&#8221;full_width&#8221; text_align=&#8221;left&#8221; css_animation=&#8221;&#8221;][vc_column_inner][vc_empty_space][\/vc_column_inner][vc_column_inner width=&#8221;1\/2&#8243;][vc_column_text]<\/p>\n<h4 style=\"text-align: left;\"><span style=\"color: #0a4d99;\">Sat\u0131\u015f<\/span><\/h4>\n<p>[\/vc_column_text][vc_empty_space height=&#8221;12px&#8221;][vc_column_text]<\/p>\n<p class=\"lead mb-xl\" style=\"text-align: left;\"><span style=\"color: #333333;\">+90 850 305 29 00<\/span><\/p>\n<p class=\"lead mb-xl\" style=\"text-align: left;\"><a href=\"mailto:satis@2xprotect.com\">satis@2xprotect.com<\/a><\/p>\n<p>[\/vc_column_text][\/vc_column_inner][vc_column_inner width=&#8221;1\/2&#8243;][vc_column_text]<\/p>\n<h4 style=\"text-align: left;\"><span style=\"color: #0a4d99;\">Tan\u0131t\u0131m<\/span><\/h4>\n<p>[\/vc_column_text][vc_empty_space height=&#8221;12px&#8221;][vc_column_text]<\/p>\n<p class=\"lead mb-xl\" style=\"text-align: left;\"><span style=\"color: #333333;\">+90 850 305 29 00<\/span><\/p>\n<p class=\"lead mb-xl\" style=\"text-align: left;\"><a href=\"mailto:tanitim@2xprotect.com\">tanitim@2xprotect.com<\/a><\/p>\n<p>[\/vc_column_text][\/vc_column_inner][vc_column_inner][vc_empty_space][\/vc_column_inner][\/vc_row_inner][vc_row_inner row_type=&#8221;row&#8221; type=&#8221;full_width&#8221; text_align=&#8221;left&#8221; css_animation=&#8221;&#8221;][vc_column_inner width=&#8221;1\/2&#8243;][vc_column_text]<\/p>\n<h4 style=\"text-align: left;\"><span style=\"color: #0a4d99;\">Destek<\/span><\/h4>\n<p>[\/vc_column_text][vc_empty_space height=&#8221;12px&#8221;][vc_column_text]<\/p>\n<p class=\"lead mb-xl\" style=\"text-align: left;\"><span style=\"color: #333333;\">+90 850 305 29 00<\/span><\/p>\n<p class=\"lead mb-xl\" style=\"text-align: left;\"><a href=\"mailto:destek@2xprotect.com\">destek@2xprotect.com<\/a><\/p>\n<p>[\/vc_column_text][\/vc_column_inner][vc_column_inner width=&#8221;1\/2&#8243;][vc_column_text]<\/p>\n<h4 style=\"text-align: left;\"><span style=\"color: #0a4d99;\">Genel Bilgi<\/span><\/h4>\n<p>[\/vc_column_text][vc_empty_space height=&#8221;12px&#8221;][vc_column_text]<\/p>\n<p class=\"lead mb-xl\" style=\"text-align: left;\"><span style=\"color: #333333;\">+90 850 305 29 00<\/span><\/p>\n<p class=\"lead mb-xl\" style=\"text-align: left;\"><a href=\"mailto:info@2xprotect.com\">info@2xprotect.com<\/a><\/p>\n<p>[\/vc_column_text][\/vc_column_inner][\/vc_row_inner][vc_empty_space][\/vc_column][vc_column width=&#8221;1\/3&#8243;][vc_empty_space height=&#8221;11px&#8221;][vc_raw_html]JTNDaWZyYW1lJTIwZnJhbWVib3JkZXIlM0QlMjIwJTIyJTIwc3R5bGUlM0QlMjJoZWlnaHQlM0E2MjBweCUzQndpZHRoJTNBMTAwJTI1JTNCYm9yZGVyJTNBbm9uZSUzQiUyMiUyMHNyYyUzRCUyN2h0dHBzJTNBJTJGJTJGZm9ybXMuem9ob3B1YmxpYy5jb20lMkZiZWhyZW5nMSUyRmZvcm0lMkZsZXRpaW1Gb3JtdSUyRmZvcm1wZXJtYSUyRkRYZkR4TWstM0M4QXZrUE9uYjY3SjRjbnJETllRbTFneDQxd0xIY0xFbEUlMjclM0UlM0MlMkZpZnJhbWUlM0U=[\/vc_raw_html][\/vc_column][\/vc_row][vc_row css_animation=&#8221;&#8221; row_type=&#8221;row&#8221; use_row_as_full_screen_section=&#8221;no&#8221; type=&#8221;full_width&#8221; angled_section=&#8221;no&#8221; text_align=&#8221;left&#8221; background_image_as_pattern=&#8221;without_pattern&#8221;][vc_column][vc_empty_space][vc_gmaps link=&#8221;#E-8_JTNDaWZyYW1lJTIwc3JjJTNEJTIyaHR0cHMlM0ElMkYlMkZ3d3cuZ29vZ2xlLmNvbSUyRm1hcHMlMkZlbWJlZCUzRnBiJTNEJTIxMW0xNCUyMTFtOCUyMTFtMyUyMTFkMTIwNDkuMzcyNzE5MDcwOTIlMjEyZDI5LjA5ODMxMjMlMjEzZDQwLjk3Mzk2NTYlMjEzbTIlMjExaTEwMjQlMjEyaTc2OCUyMTRmMTMuMSUyMTNtMyUyMTFtMiUyMTFzMHgwJTI1M0EweGE1ZWUyNzYyYTk2NThiZTAlMjEyelRtbGtZV3QxYkdVZ1MyOTZlV0YwWWNTZnhMRSUyMTVlMCUyMTNtMiUyMTFzdHIlMjEyc3RyJTIxNHYxNTg2MzQ4MzU3NTU4JTIxNW0yJTIxMXN0ciUyMTJzdHIlMjIlMjB3aWR0aCUzRCUyMjYwMCUyMiUyMGhlaWdodCUzRCUyMjQ1MCUyMiUyMGZyYW1lYm9yZGVyJTNEJTIyMCUyMiUyMHN0eWxlJTNEJTIyYm9yZGVyJTNBMCUzQiUyMiUyMGFsbG93ZnVsbHNjcmVlbiUzRCUyMiUyMiUyMGFyaWEtaGlkZGVuJTNEJTIyZmFsc2UlMjIlMjB0YWJpbmRleCUzRCUyMjAlMjIlM0UlM0MlMkZpZnJhbWUlM0U=&#8221; size=&#8221;400&#8243;][\/vc_column][\/vc_row]<\/p>\n","protected":false},"excerpt":{"rendered":"<p>[vc_row css_animation=&#8221;&#8221; row_type=&#8221;row&#8221; use_row_as_full_screen_section=&#8221;no&#8221; type=&#8221;grid&#8221; angled_section=&#8221;no&#8221; text_align=&#8221;left&#8221; background_image_as_pattern=&#8221;without_pattern&#8221; z_index=&#8221;&#8221; css=&#8221;.vc_custom_1586348633899{padding-top: 35px !important;}&#8221;][vc_column width=&#8221;2\/3&#8243;][vc_row_inner row_type=&#8221;row&#8221; type=&#8221;full_width&#8221; text_align=&#8221;left&#8221; css_animation=&#8221;&#8221;][vc_column_inner width=&#8221;1\/2&#8243;][vc_empty_space height=&#8221;15px&#8221;][vc_single_image image=&#8221;1598&#8243; img_size=&#8221;large&#8221; alignment=&#8221;center&#8221; style=&#8221;vc_box_rounded&#8221; qode_css_animation=&#8221;&#8221;][\/vc_column_inner][vc_column_inner width=&#8221;1\/2&#8243;][vc_empty_space height=&#8221;18px&#8221;][vc_column_text] Nas\u0131l Yard\u0131mc\u0131 Olabiliriz? [\/vc_column_text][vc_empty_space height=&#8221;30px&#8221;][vc_column_text]Sunmu\u015f oldu\u011fumuz hizmetlerle ilgili daha detayl\u0131 bilgi talep etmeniz durumunda, alan\u0131nda uzman m\u00fchendislerden olu\u015fan ekibimiz<\/p>\n","protected":false},"author":1,"featured_media":0,"parent":0,"menu_order":0,"comment_status":"closed","ping_status":"closed","template":"full_width.php","meta":[],"yoast_head":"<!-- This site is optimized with the Yoast SEO plugin v15.1.1 - https:\/\/yoast.com\/wordpress\/plugins\/seo\/ -->\n<meta name=\"robots\" content=\"index, follow, max-snippet:-1, max-image-preview:large, max-video-preview:-1\" \/>\n<link rel=\"canonical\" href=\"https:\/\/www.2xprotect.com\/old\/iletisim\/\" \/>\n<meta property=\"og:locale\" content=\"tr_TR\" \/>\n<meta property=\"og:type\" content=\"article\" \/>\n<meta property=\"og:title\" content=\"\u0130leti\u015fim - 2xProtect\" \/>\n<meta property=\"og:description\" content=\"[vc_row css_animation=&#8221;&#8221; row_type=&#8221;row&#8221; use_row_as_full_screen_section=&#8221;no&#8221; type=&#8221;grid&#8221; angled_section=&#8221;no&#8221; text_align=&#8221;left&#8221; background_image_as_pattern=&#8221;without_pattern&#8221; z_index=&#8221;&#8221; css=&#8221;.vc_custom_1586348633899{padding-top: 35px !important;}&#8221;][vc_column width=&#8221;2\/3&#8243;][vc_row_inner row_type=&#8221;row&#8221; type=&#8221;full_width&#8221; text_align=&#8221;left&#8221; css_animation=&#8221;&#8221;][vc_column_inner width=&#8221;1\/2&#8243;][vc_empty_space height=&#8221;15px&#8221;][vc_single_image image=&#8221;1598&#8243; img_size=&#8221;large&#8221; alignment=&#8221;center&#8221; style=&#8221;vc_box_rounded&#8221; qode_css_animation=&#8221;&#8221;][\/vc_column_inner][vc_column_inner width=&#8221;1\/2&#8243;][vc_empty_space height=&#8221;18px&#8221;][vc_column_text] Nas\u0131l Yard\u0131mc\u0131 Olabiliriz? [\/vc_column_text][vc_empty_space height=&#8221;30px&#8221;][vc_column_text]Sunmu\u015f oldu\u011fumuz hizmetlerle ilgili daha detayl\u0131 bilgi talep etmeniz durumunda, alan\u0131nda uzman m\u00fchendislerden olu\u015fan ekibimiz\" \/>\n<meta property=\"og:url\" content=\"https:\/\/www.2xprotect.com\/old\/iletisim\/\" \/>\n<meta property=\"og:site_name\" content=\"2xProtect\" \/>\n<meta property=\"article:modified_time\" content=\"2020-10-10T12:52:55+00:00\" \/>\n<meta name=\"twitter:card\" content=\"summary_large_image\" \/>\n<script type=\"application\/ld+json\" class=\"yoast-schema-graph\">{\"@context\":\"https:\/\/schema.org\",\"@graph\":[{\"@type\":\"WebSite\",\"@id\":\"https:\/\/www.2xprotect.com\/old\/#website\",\"url\":\"https:\/\/www.2xprotect.com\/old\/\",\"name\":\"2xProtect\",\"description\":\"Cloud \\u00c7\\u00f6z\\u00fcmleri\",\"potentialAction\":[{\"@type\":\"SearchAction\",\"target\":\"https:\/\/www.2xprotect.com\/old\/?s={search_term_string}\",\"query-input\":\"required name=search_term_string\"}],\"inLanguage\":\"tr\"},{\"@type\":\"WebPage\",\"@id\":\"https:\/\/www.2xprotect.com\/old\/iletisim\/#webpage\",\"url\":\"https:\/\/www.2xprotect.com\/old\/iletisim\/\",\"name\":\"\\u0130leti\\u015fim - 2xProtect\",\"isPartOf\":{\"@id\":\"https:\/\/www.2xprotect.com\/old\/#website\"},\"datePublished\":\"2018-03-07T13:04:16+00:00\",\"dateModified\":\"2020-10-10T12:52:55+00:00\",\"inLanguage\":\"tr\",\"potentialAction\":[{\"@type\":\"ReadAction\",\"target\":[\"https:\/\/www.2xprotect.com\/old\/iletisim\/\"]}]}]}<\/script>\n<!-- \/ Yoast SEO plugin. -->","_links":{"self":[{"href":"https:\/\/www.2xprotect.com\/old\/wp-json\/wp\/v2\/pages\/237"}],"collection":[{"href":"https:\/\/www.2xprotect.com\/old\/wp-json\/wp\/v2\/pages"}],"about":[{"href":"https:\/\/www.2xprotect.com\/old\/wp-json\/wp\/v2\/types\/page"}],"author":[{"embeddable":true,"href":"https:\/\/www.2xprotect.com\/old\/wp-json\/wp\/v2\/users\/1"}],"replies":[{"embeddable":true,"href":"https:\/\/www.2xprotect.com\/old\/wp-json\/wp\/v2\/comments?post=237"}],"version-history":[{"count":45,"href":"https:\/\/www.2xprotect.com\/old\/wp-json\/wp\/v2\/pages\/237\/revisions"}],"predecessor-version":[{"id":1558,"href":"https:\/\/www.2xprotect.com\/old\/wp-json\/wp\/v2\/pages\/237\/revisions\/1558"}],"wp:attachment":[{"href":"https:\/\/www.2xprotect.com\/old\/wp-json\/wp\/v2\/media?parent=237"}],"curies":[{"name":"wp","href":"https:\/\/api.w.org\/{rel}","templated":true}]}}