{"id":3145,"date":"2020-10-10T09:23:00","date_gmt":"2020-10-10T09:23:00","guid":{"rendered":"https:\/\/www.2xprotect.com\/?page_id=3145"},"modified":"2020-10-10T09:23:00","modified_gmt":"2020-10-10T09:23:00","slug":"webinarlar","status":"publish","type":"page","link":"https:\/\/www.2xprotect.com\/old\/webinarlar\/","title":{"rendered":"Webinarlar"},"content":{"rendered":"<p>[vc_row css_animation=&#8221;&#8221; row_type=&#8221;row&#8221; use_row_as_full_screen_section=&#8221;no&#8221; type=&#8221;grid&#8221; angled_section=&#8221;no&#8221; text_align=&#8221;left&#8221; background_image_as_pattern=&#8221;without_pattern&#8221; z_index=&#8221;&#8221;][vc_column width=&#8221;1\/4&#8243;][\/vc_column][vc_column width=&#8221;1\/2&#8243;][vc_empty_space height=&#8221;30px&#8221;][vc_empty_space height=&#8221;30px&#8221;][vc_empty_space height=&#8221;30px&#8221;][vc_empty_space height=&#8221;30px&#8221;][vc_empty_space height=&#8221;30px&#8221;][vc_empty_space height=&#8221;30px&#8221;][vc_empty_space height=&#8221;30px&#8221;][vc_column_text]<\/p>\n<h3 style=\"text-align: center;\"><em>Yakla\u015fan webinar\u0131m\u0131z <\/em><\/h3>\n<h3 style=\"text-align: center;\"><em>bulunmamaktad\u0131r.<\/em><\/h3>\n<p>[\/vc_column_text][vc_empty_space height=&#8221;30px&#8221;][vc_empty_space height=&#8221;30px&#8221;][\/vc_column][vc_column width=&#8221;1\/4&#8243;][\/vc_column][\/vc_row]<\/p>\n","protected":false},"excerpt":{"rendered":"<p>[vc_row css_animation=&#8221;&#8221; row_type=&#8221;row&#8221; use_row_as_full_screen_section=&#8221;no&#8221; type=&#8221;grid&#8221; angled_section=&#8221;no&#8221; text_align=&#8221;left&#8221; background_image_as_pattern=&#8221;without_pattern&#8221; z_index=&#8221;&#8221;][vc_column width=&#8221;1\/4&#8243;][\/vc_column][vc_column width=&#8221;1\/2&#8243;][vc_empty_space height=&#8221;30px&#8221;][vc_empty_space height=&#8221;30px&#8221;][vc_empty_space height=&#8221;30px&#8221;][vc_empty_space height=&#8221;30px&#8221;][vc_empty_space height=&#8221;30px&#8221;][vc_empty_space height=&#8221;30px&#8221;][vc_empty_space height=&#8221;30px&#8221;][vc_column_text] Yakla\u015fan webinar\u0131m\u0131z bulunmamaktad\u0131r. [\/vc_column_text][vc_empty_space height=&#8221;30px&#8221;][vc_empty_space height=&#8221;30px&#8221;][\/vc_column][vc_column width=&#8221;1\/4&#8243;][\/vc_column][\/vc_row]<\/p>\n","protected":false},"author":4,"featured_media":0,"parent":0,"menu_order":0,"comment_status":"closed","ping_status":"closed","template":"full_width.php","meta":[],"yoast_head":"<!-- This site is optimized with the Yoast SEO plugin v15.1.1 - https:\/\/yoast.com\/wordpress\/plugins\/seo\/ -->\n<meta name=\"robots\" content=\"index, follow, max-snippet:-1, max-image-preview:large, max-video-preview:-1\" \/>\n<link rel=\"canonical\" href=\"https:\/\/www.2xprotect.com\/old\/webinarlar\/\" \/>\n<meta property=\"og:locale\" content=\"tr_TR\" \/>\n<meta property=\"og:type\" content=\"article\" \/>\n<meta property=\"og:title\" content=\"Webinarlar - 2xProtect\" \/>\n<meta property=\"og:description\" content=\"[vc_row css_animation=&#8221;&#8221; row_type=&#8221;row&#8221; use_row_as_full_screen_section=&#8221;no&#8221; type=&#8221;grid&#8221; angled_section=&#8221;no&#8221; text_align=&#8221;left&#8221; background_image_as_pattern=&#8221;without_pattern&#8221; z_index=&#8221;&#8221;][vc_column width=&#8221;1\/4&#8243;][\/vc_column][vc_column width=&#8221;1\/2&#8243;][vc_empty_space height=&#8221;30px&#8221;][vc_empty_space height=&#8221;30px&#8221;][vc_empty_space height=&#8221;30px&#8221;][vc_empty_space height=&#8221;30px&#8221;][vc_empty_space height=&#8221;30px&#8221;][vc_empty_space height=&#8221;30px&#8221;][vc_empty_space height=&#8221;30px&#8221;][vc_column_text] Yakla\u015fan webinar\u0131m\u0131z bulunmamaktad\u0131r. [\/vc_column_text][vc_empty_space height=&#8221;30px&#8221;][vc_empty_space height=&#8221;30px&#8221;][\/vc_column][vc_column width=&#8221;1\/4&#8243;][\/vc_column][\/vc_row]\" \/>\n<meta property=\"og:url\" content=\"https:\/\/www.2xprotect.com\/old\/webinarlar\/\" \/>\n<meta property=\"og:site_name\" content=\"2xProtect\" \/>\n<meta name=\"twitter:card\" content=\"summary_large_image\" \/>\n<script type=\"application\/ld+json\" class=\"yoast-schema-graph\">{\"@context\":\"https:\/\/schema.org\",\"@graph\":[{\"@type\":\"WebSite\",\"@id\":\"https:\/\/www.2xprotect.com\/old\/#website\",\"url\":\"https:\/\/www.2xprotect.com\/old\/\",\"name\":\"2xProtect\",\"description\":\"Cloud \\u00c7\\u00f6z\\u00fcmleri\",\"potentialAction\":[{\"@type\":\"SearchAction\",\"target\":\"https:\/\/www.2xprotect.com\/old\/?s={search_term_string}\",\"query-input\":\"required name=search_term_string\"}],\"inLanguage\":\"tr\"},{\"@type\":\"WebPage\",\"@id\":\"https:\/\/www.2xprotect.com\/old\/webinarlar\/#webpage\",\"url\":\"https:\/\/www.2xprotect.com\/old\/webinarlar\/\",\"name\":\"Webinarlar - 2xProtect\",\"isPartOf\":{\"@id\":\"https:\/\/www.2xprotect.com\/old\/#website\"},\"datePublished\":\"2020-10-10T09:23:00+00:00\",\"dateModified\":\"2020-10-10T09:23:00+00:00\",\"inLanguage\":\"tr\",\"potentialAction\":[{\"@type\":\"ReadAction\",\"target\":[\"https:\/\/www.2xprotect.com\/old\/webinarlar\/\"]}]}]}<\/script>\n<!-- \/ Yoast SEO plugin. -->","_links":{"self":[{"href":"https:\/\/www.2xprotect.com\/old\/wp-json\/wp\/v2\/pages\/3145"}],"collection":[{"href":"https:\/\/www.2xprotect.com\/old\/wp-json\/wp\/v2\/pages"}],"about":[{"href":"https:\/\/www.2xprotect.com\/old\/wp-json\/wp\/v2\/types\/page"}],"author":[{"embeddable":true,"href":"https:\/\/www.2xprotect.com\/old\/wp-json\/wp\/v2\/users\/4"}],"replies":[{"embeddable":true,"href":"https:\/\/www.2xprotect.com\/old\/wp-json\/wp\/v2\/comments?post=3145"}],"version-history":[{"count":3,"href":"https:\/\/www.2xprotect.com\/old\/wp-json\/wp\/v2\/pages\/3145\/revisions"}],"predecessor-version":[{"id":3148,"href":"https:\/\/www.2xprotect.com\/old\/wp-json\/wp\/v2\/pages\/3145\/revisions\/3148"}],"wp:attachment":[{"href":"https:\/\/www.2xprotect.com\/old\/wp-json\/wp\/v2\/media?parent=3145"}],"curies":[{"name":"wp","href":"https:\/\/api.w.org\/{rel}","templated":true}]}}