{"id":3302,"date":"2020-10-19T08:17:23","date_gmt":"2020-10-19T08:17:23","guid":{"rendered":"https:\/\/www.2xprotect.com\/?page_id=3302"},"modified":"2021-07-09T13:04:33","modified_gmt":"2021-07-09T13:04:33","slug":"cdp","status":"publish","type":"page","link":"https:\/\/www.2xprotect.com\/old\/cdp\/","title":{"rendered":"360\u00b0 Kesintisiz Veri Koruma ve Kurtarma"},"content":{"rendered":"<p>[vc_row css_animation=&#8221;&#8221; row_type=&#8221;row&#8221; use_row_as_full_screen_section=&#8221;no&#8221; type=&#8221;grid&#8221; angled_section=&#8221;no&#8221; text_align=&#8221;left&#8221; background_image_as_pattern=&#8221;without_pattern&#8221; z_index=&#8221;&#8221;][vc_column width=&#8221;1\/6&#8243;][\/vc_column][vc_column width=&#8221;2\/3&#8243;][vc_empty_space height=&#8221;50px&#8221;][vc_empty_space height=&#8221;50px&#8221;][vc_column_text]<\/p>\n<h4 style=\"text-align: center;\"><span style=\"color: #333333;\"><strong>2xProtect platformunun sa\u011flam\u0131\u015f oldu\u011fu kurumsal altyap\u0131; esneklik ve \u00f6l\u00e7eklenebilirlik avantajlar\u0131n\u0131 Zerto ve EMC RP4VM teknolojisi ile birle\u015ftirir. \u0130\u015fletmeler bu hizmeti \u00f6n yat\u0131r\u0131m gerektirmeden hem 2xProtect platformu \u00fczerinden hem de kendi tesisleri i\u00e7inde kullanabilirler. 2xProtect ayr\u0131ca y\u00f6netilen hizmet modeli ile i\u015fletmelerin verileri i\u00e7in 100% kurtarma garantisi sa\u011flar.<br \/>\n<\/strong><\/span><\/h4>\n<p>[\/vc_column_text][vc_empty_space height=&#8221;25px&#8221;][vc_empty_space height=&#8221;50px&#8221;][\/vc_column][vc_column width=&#8221;1\/6&#8243;][\/vc_column][\/vc_row][vc_row css_animation=&#8221;&#8221; row_type=&#8221;row&#8221; use_row_as_full_screen_section=&#8221;no&#8221; type=&#8221;grid&#8221; angled_section=&#8221;no&#8221; text_align=&#8221;center&#8221; background_image_as_pattern=&#8221;without_pattern&#8221; z_index=&#8221;&#8221;][vc_column width=&#8221;1\/6&#8243;][\/vc_column][vc_column width=&#8221;1\/3&#8243;][vc_row_inner row_type=&#8221;row&#8221; type=&#8221;full_width&#8221; text_align=&#8221;center&#8221; css_animation=&#8221;&#8221;][vc_column_inner][vc_single_image image=&#8221;3171&#8243; alignment=&#8221;center&#8221; qode_css_animation=&#8221;&#8221;][vc_empty_space height=&#8221;21px&#8221;][vc_column_text]<\/p>\n<h5 style=\"text-align: center;\"><strong><span style=\"color: #074c98;\">360\u00b0 Kesintisiz Veri Koruma<\/span><\/strong><\/h5>\n<h5 style=\"text-align: center;\"><strong><span style=\"color: #074c98;\">ve Kurtarma<\/span><\/strong><\/h5>\n<p>[\/vc_column_text][vc_empty_space height=&#8221;21px&#8221;][vc_empty_space height=&#8221;21px&#8221;]<a  itemprop=\"url\" href=\"https:\/\/www.2xprotect.com\/old\/cdp-zerto\/\" target=\"_blank\" data-hover-background-color=#074c98 data-hover-border-color=#ffffff data-hover-color=#ffffff class=\"qbutton  small default  qode-button-shadow\" style=\"color: #ffffff; border-color: #ffffff; font-size: 15px; letter-spacing: 0.2px; background-color: #49b19c;\">CDP+ Zerto i\u00e7in t\u0131klay\u0131n\u0131z<\/a>[vc_empty_space height=&#8221;5px&#8221;]<a  itemprop=\"url\" href=\"#\" target=\"_blank\" data-hover-background-color=#074c98 data-hover-border-color=#ffffff data-hover-color=#ffffff class=\"qbutton  small default  qode-button-shadow\" style=\"color: #ffffff; border-color: #ffffff; font-size: 15px; background-color: #49b19c;\">CDP+ EMC RP4VM i\u00e7in t\u0131klay\u0131n\u0131z<\/a>[vc_empty_space height=&#8221;21px&#8221;][\/vc_column_inner][\/vc_row_inner][\/vc_column][vc_column width=&#8221;1\/3&#8243;][vc_empty_space height=&#8221;5px&#8221;][vc_column_text]<\/p>\n<h4 style=\"text-align: center;\"><span style=\"color: #074c98;\">CDP+ Avantajlar<\/span><\/h4>\n<p>[\/vc_column_text][vc_empty_space height=&#8221;11px&#8221;][vc_row_inner row_type=&#8221;row&#8221; type=&#8221;full_width&#8221; text_align=&#8221;left&#8221; css_animation=&#8221;&#8221;][vc_column_inner width=&#8221;1\/2&#8243;][vc_column_text]<\/p>\n<p style=\"text-align: center;\"><span style=\"color: #333333;\">Kesintisiz veri koruma ve kurtarma sa\u011flar.<\/span><\/p>\n<p style=\"text-align: center;\"><span style=\"color: #333333;\">(RPO 10 sn., RTO 15 dk.)<br \/>\n<\/span><\/p>\n<p>[\/vc_column_text][\/vc_column_inner][vc_column_inner width=&#8221;1\/2&#8243;][vc_column_text]<\/p>\n<p style=\"text-align: center;\">Jurnal Teknolojisi: Minimum 5 sn. maksimum 15 dk. aral\u0131klar ile geri d\u00f6n\u00fc\u015f noktalar\u0131 olu\u015fturur.<\/p>\n<p>[\/vc_column_text][\/vc_column_inner][\/vc_row_inner][vc_separator type=&#8221;normal&#8221; color=&#8221;#919191&#8243; thickness=&#8221;1&#8243;][vc_row_inner row_type=&#8221;row&#8221; type=&#8221;full_width&#8221; text_align=&#8221;left&#8221; css_animation=&#8221;&#8221;][vc_column_inner width=&#8221;1\/2&#8243;][vc_column_text]<\/p>\n<p style=\"text-align: center;\">Snapshot kullanmaz, bu y\u00fczden kaynak sunucular\u0131n performans\u0131n\u0131 olumsuz etkilemez.<\/p>\n<p>[\/vc_column_text][\/vc_column_inner][vc_column_inner width=&#8221;1\/2&#8243;][vc_column_text]<\/p>\n<p style=\"text-align: center;\">Geli\u015fmi\u015f A\u011f Ba\u011flant\u0131lar\u0131<\/p>\n<p style=\"text-align: center;\">(SD-WAN, WAN Optimizasyon, Layer 2-3 ba\u011flant\u0131, SSL VPN)<\/p>\n<p>[\/vc_column_text][\/vc_column_inner][\/vc_row_inner][\/vc_column][vc_column width=&#8221;1\/6&#8243;][\/vc_column][\/vc_row][vc_row css_animation=&#8221;&#8221; row_type=&#8221;row&#8221; use_row_as_full_screen_section=&#8221;no&#8221; type=&#8221;full_width&#8221; angled_section=&#8221;no&#8221; text_align=&#8221;left&#8221; background_image_as_pattern=&#8221;without_pattern&#8221;][vc_column][vc_empty_space height=&#8221;50px&#8221;][vc_empty_space height=&#8221;50px&#8221;][\/vc_column][\/vc_row]<\/p>\n","protected":false},"excerpt":{"rendered":"<p>[vc_row css_animation=&#8221;&#8221; row_type=&#8221;row&#8221; use_row_as_full_screen_section=&#8221;no&#8221; type=&#8221;grid&#8221; angled_section=&#8221;no&#8221; text_align=&#8221;left&#8221; background_image_as_pattern=&#8221;without_pattern&#8221; z_index=&#8221;&#8221;][vc_column width=&#8221;1\/6&#8243;][\/vc_column][vc_column width=&#8221;2\/3&#8243;][vc_empty_space height=&#8221;50px&#8221;][vc_empty_space height=&#8221;50px&#8221;][vc_column_text] 2xProtect platformunun sa\u011flam\u0131\u015f oldu\u011fu kurumsal altyap\u0131; esneklik ve \u00f6l\u00e7eklenebilirlik avantajlar\u0131n\u0131 Zerto ve EMC RP4VM teknolojisi ile birle\u015ftirir. \u0130\u015fletmeler bu hizmeti \u00f6n yat\u0131r\u0131m gerektirmeden hem 2xProtect platformu \u00fczerinden hem de kendi tesisleri i\u00e7inde<\/p>\n","protected":false},"author":4,"featured_media":0,"parent":0,"menu_order":0,"comment_status":"closed","ping_status":"closed","template":"full_width.php","meta":[],"yoast_head":"<!-- This site is optimized with the Yoast SEO plugin v15.1.1 - https:\/\/yoast.com\/wordpress\/plugins\/seo\/ -->\n<meta name=\"robots\" content=\"index, follow, max-snippet:-1, max-image-preview:large, max-video-preview:-1\" \/>\n<link rel=\"canonical\" href=\"https:\/\/www.2xprotect.com\/old\/cdp\/\" \/>\n<meta property=\"og:locale\" content=\"tr_TR\" \/>\n<meta property=\"og:type\" content=\"article\" \/>\n<meta property=\"og:title\" content=\"360\u00b0 Kesintisiz Veri Koruma ve Kurtarma - 2xProtect\" \/>\n<meta property=\"og:description\" content=\"[vc_row css_animation=&#8221;&#8221; row_type=&#8221;row&#8221; use_row_as_full_screen_section=&#8221;no&#8221; type=&#8221;grid&#8221; angled_section=&#8221;no&#8221; text_align=&#8221;left&#8221; background_image_as_pattern=&#8221;without_pattern&#8221; z_index=&#8221;&#8221;][vc_column width=&#8221;1\/6&#8243;][\/vc_column][vc_column width=&#8221;2\/3&#8243;][vc_empty_space height=&#8221;50px&#8221;][vc_empty_space height=&#8221;50px&#8221;][vc_column_text] 2xProtect platformunun sa\u011flam\u0131\u015f oldu\u011fu kurumsal altyap\u0131; esneklik ve \u00f6l\u00e7eklenebilirlik avantajlar\u0131n\u0131 Zerto ve EMC RP4VM teknolojisi ile birle\u015ftirir. \u0130\u015fletmeler bu hizmeti \u00f6n yat\u0131r\u0131m gerektirmeden hem 2xProtect platformu \u00fczerinden hem de kendi tesisleri i\u00e7inde\" \/>\n<meta property=\"og:url\" content=\"https:\/\/www.2xprotect.com\/old\/cdp\/\" \/>\n<meta property=\"og:site_name\" content=\"2xProtect\" \/>\n<meta property=\"article:modified_time\" content=\"2021-07-09T13:04:33+00:00\" \/>\n<meta name=\"twitter:card\" content=\"summary_large_image\" \/>\n<script type=\"application\/ld+json\" class=\"yoast-schema-graph\">{\"@context\":\"https:\/\/schema.org\",\"@graph\":[{\"@type\":\"WebSite\",\"@id\":\"https:\/\/www.2xprotect.com\/old\/#website\",\"url\":\"https:\/\/www.2xprotect.com\/old\/\",\"name\":\"2xProtect\",\"description\":\"Cloud \\u00c7\\u00f6z\\u00fcmleri\",\"potentialAction\":[{\"@type\":\"SearchAction\",\"target\":\"https:\/\/www.2xprotect.com\/old\/?s={search_term_string}\",\"query-input\":\"required name=search_term_string\"}],\"inLanguage\":\"tr\"},{\"@type\":\"WebPage\",\"@id\":\"https:\/\/www.2xprotect.com\/old\/cdp\/#webpage\",\"url\":\"https:\/\/www.2xprotect.com\/old\/cdp\/\",\"name\":\"360\\u00b0 Kesintisiz Veri Koruma ve Kurtarma - 2xProtect\",\"isPartOf\":{\"@id\":\"https:\/\/www.2xprotect.com\/old\/#website\"},\"datePublished\":\"2020-10-19T08:17:23+00:00\",\"dateModified\":\"2021-07-09T13:04:33+00:00\",\"inLanguage\":\"tr\",\"potentialAction\":[{\"@type\":\"ReadAction\",\"target\":[\"https:\/\/www.2xprotect.com\/old\/cdp\/\"]}]}]}<\/script>\n<!-- \/ Yoast SEO plugin. -->","_links":{"self":[{"href":"https:\/\/www.2xprotect.com\/old\/wp-json\/wp\/v2\/pages\/3302"}],"collection":[{"href":"https:\/\/www.2xprotect.com\/old\/wp-json\/wp\/v2\/pages"}],"about":[{"href":"https:\/\/www.2xprotect.com\/old\/wp-json\/wp\/v2\/types\/page"}],"author":[{"embeddable":true,"href":"https:\/\/www.2xprotect.com\/old\/wp-json\/wp\/v2\/users\/4"}],"replies":[{"embeddable":true,"href":"https:\/\/www.2xprotect.com\/old\/wp-json\/wp\/v2\/comments?post=3302"}],"version-history":[{"count":9,"href":"https:\/\/www.2xprotect.com\/old\/wp-json\/wp\/v2\/pages\/3302\/revisions"}],"predecessor-version":[{"id":3650,"href":"https:\/\/www.2xprotect.com\/old\/wp-json\/wp\/v2\/pages\/3302\/revisions\/3650"}],"wp:attachment":[{"href":"https:\/\/www.2xprotect.com\/old\/wp-json\/wp\/v2\/media?parent=3302"}],"curies":[{"name":"wp","href":"https:\/\/api.w.org\/{rel}","templated":true}]}}